{"id":10,"date":"2026-05-11T19:08:54","date_gmt":"2026-05-11T19:08:54","guid":{"rendered":"http:\/\/justcoffee.sk\/kosar\/"},"modified":"2026-05-11T19:08:54","modified_gmt":"2026-05-11T19:08:54","slug":"kosar","status":"publish","type":"page","link":"http:\/\/justcoffee.sk\/hu\/kosar\/","title":{"rendered":"Kos\u00e1r"},"content":{"rendered":"<div class=\"wp-block-woocommerce-cart alignwide is-loading\">\n<div class=\"wp-block-woocommerce-filled-cart-block\">\n<div class=\"wp-block-woocommerce-cart-items-block\">\n<div class=\"wp-block-woocommerce-cart-line-items-block\"><\/div>\n\n\n\n<div class=\"wp-block-woocommerce-product-collection\">\n<h2 class=\"wp-block-heading has-text-align-left\" style=\"margin-bottom:1rem\">\u00c9rdekelhet m\u00e9g&hellip;<\/h2>\n\n\n\n\n\n\n\n\n<h2 style=\"line-height:1.4; margin-bottom:0.75rem;margin-top:0;\" class=\"has-text-align-center wp-block-post-title has-medium-font-size\"><a href=\"http:\/\/justcoffee.sk\/hu\/kosar\/\" target=\"_self\" >Kos\u00e1r<\/a><\/h2>\n\n\n\n\n<\/div>\n<\/div>\n\n\n\n\n<div class=\"wp-block-woocommerce-cart-totals-block\">\n<div class=\"wp-block-woocommerce-cart-order-summary-block\">\n<div class=\"wp-block-woocommerce-cart-order-summary-heading-block\"><\/div>\n\n\n\n<div class=\"wp-block-woocommerce-cart-order-summary-coupon-form-block\"><\/div>\n\n\n\n<div class=\"wp-block-woocommerce-cart-order-summary-subtotal-block\"><\/div>\n\n\n\n<div class=\"wp-block-woocommerce-cart-order-summary-fee-block\"><\/div>\n\n\n\n<div class=\"wp-block-woocommerce-cart-order-summary-discount-block\"><\/div>\n\n\n\n<div class=\"wp-block-woocommerce-cart-order-summary-shipping-block\"><\/div>\n\n\n\n<div class=\"wp-block-woocommerce-cart-order-summary-taxes-block\"><\/div>\n<\/div>\n\n\n\n<div class=\"wp-block-woocommerce-cart-express-payment-block\"><\/div>\n\n\n\n<div class=\"wp-block-woocommerce-proceed-to-checkout-block\"><\/div>\n\n\n\n<div class=\"wp-block-woocommerce-cart-accepted-payment-methods-block\"><\/div>\n<\/div>\n<\/div>\n\n\n\n<div class=\"wp-block-woocommerce-empty-cart-block\">\n<h2 class=\"wp-block-heading has-text-align-center with-empty-cart-icon wc-block-cart__empty-cart__title\">Jelenleg \u00fcres a kosarad.<\/h2>\n\n\n\n<hr class=\"wp-block-separator has-alpha-channel-opacity is-style-dots\"\/>\n\n\n\n<h2 class=\"wp-block-heading has-text-align-center\">\u00dajdons\u00e1gok<\/h2>\n\n\n<\/div>\n<\/div>","protected":false},"excerpt":{"rendered":"","protected":false},"author":1,"featured_media":0,"parent":0,"menu_order":0,"comment_status":"closed","ping_status":"closed","template":"","meta":{"inline_featured_image":false,"site-sidebar-layout":"default","site-content-layout":"","ast-site-content-layout":"default","site-content-style":"default","site-sidebar-style":"default","ast-global-header-display":"","ast-banner-title-visibility":"","ast-main-header-display":"","ast-hfb-above-header-display":"","ast-hfb-below-header-display":"","ast-hfb-mobile-header-display":"","site-post-title":"","ast-breadcrumbs-content":"","ast-featured-img":"","footer-sml-layout":"","ast-disable-related-posts":"","theme-transparent-header-meta":"","adv-header-id-meta":"","stick-header-meta":"","header-above-stick-meta":"","header-main-stick-meta":"","header-below-stick-meta":"","astra-migrate-meta-layouts":"default","ast-page-background-enabled":"default","ast-page-background-meta":{"desktop":{"background-color":"var(--ast-global-color-4)","background-image":"","background-repeat":"repeat","background-position":"center center","background-size":"auto","background-attachment":"scroll","background-type":"","background-media":"","overlay-type":"","overlay-color":"","overlay-opacity":"","overlay-gradient":""},"tablet":{"background-color":"","background-image":"","background-repeat":"repeat","background-position":"center center","background-size":"auto","background-attachment":"scroll","background-type":"","background-media":"","overlay-type":"","overlay-color":"","overlay-opacity":"","overlay-gradient":""},"mobile":{"background-color":"","background-image":"","background-repeat":"repeat","background-position":"center center","background-size":"auto","background-attachment":"scroll","background-type":"","background-media":"","overlay-type":"","overlay-color":"","overlay-opacity":"","overlay-gradient":""}},"ast-content-background-meta":{"desktop":{"background-color":"var(--ast-global-color-5)","background-image":"","background-repeat":"repeat","background-position":"center center","background-size":"auto","background-attachment":"scroll","background-type":"","background-media":"","overlay-type":"","overlay-color":"","overlay-opacity":"","overlay-gradient":""},"tablet":{"background-color":"var(--ast-global-color-5)","background-image":"","background-repeat":"repeat","background-position":"center center","background-size":"auto","background-attachment":"scroll","background-type":"","background-media":"","overlay-type":"","overlay-color":"","overlay-opacity":"","overlay-gradient":""},"mobile":{"background-color":"var(--ast-global-color-5)","background-image":"","background-repeat":"repeat","background-position":"center center","background-size":"auto","background-attachment":"scroll","background-type":"","background-media":"","overlay-type":"","overlay-color":"","overlay-opacity":"","overlay-gradient":""}},"footnotes":""},"class_list":["post-10","page","type-page","status-publish","hentry"],"yoast_head":"<!-- This site is optimized with the Yoast SEO Premium plugin v27.6 (Yoast SEO v27.6) - https:\/\/yoast.com\/product\/yoast-seo-premium-wordpress\/ -->\n<title>Kos\u00e1r - JUST Coffee | \u2116 1 Pra\u017eiare\u0148 Medzibodro\u017eia<\/title>\n<meta name=\"robots\" content=\"index, follow, max-snippet:-1, max-image-preview:large, max-video-preview:-1\" \/>\n<link rel=\"canonical\" href=\"https:\/\/justcoffee.sk\/hu\/kosar\/\" \/>\n<meta property=\"og:locale\" content=\"hu_HU\" \/>\n<meta property=\"og:type\" content=\"article\" \/>\n<meta property=\"og:title\" content=\"Kos\u00e1r\" \/>\n<meta property=\"og:url\" content=\"https:\/\/justcoffee.sk\/hu\/kosar\/\" \/>\n<meta property=\"og:site_name\" content=\"JUST Coffee | \u2116 1 Pra\u017eiare\u0148 Medzibodro\u017eia\" \/>\n<meta name=\"twitter:card\" content=\"summary_large_image\" \/>\n<script type=\"application\/ld+json\" class=\"yoast-schema-graph\">{\"@context\":\"https:\\\/\\\/schema.org\",\"@graph\":[{\"@type\":\"WebPage\",\"@id\":\"https:\\\/\\\/justcoffee.sk\\\/kosar\\\/\",\"url\":\"https:\\\/\\\/justcoffee.sk\\\/kosar\\\/\",\"name\":\"Kos\u00e1r - JUST Coffee | \u2116 1 Pra\u017eiare\u0148 Medzibodro\u017eia\",\"isPartOf\":{\"@id\":\"https:\\\/\\\/justcoffee.sk\\\/#website\"},\"datePublished\":\"2026-05-11T19:08:54+00:00\",\"breadcrumb\":{\"@id\":\"https:\\\/\\\/justcoffee.sk\\\/kosar\\\/#breadcrumb\"},\"inLanguage\":\"hu\",\"potentialAction\":[{\"@type\":\"ReadAction\",\"target\":[\"https:\\\/\\\/justcoffee.sk\\\/kosar\\\/\"]}]},{\"@type\":\"BreadcrumbList\",\"@id\":\"https:\\\/\\\/justcoffee.sk\\\/kosar\\\/#breadcrumb\",\"itemListElement\":[{\"@type\":\"ListItem\",\"position\":1,\"name\":\"Domovsk\u00e1 str\u00e1nka\",\"item\":\"https:\\\/\\\/justcoffee.sk\\\/\"},{\"@type\":\"ListItem\",\"position\":2,\"name\":\"Kos\u00e1r\"}]},{\"@type\":\"WebSite\",\"@id\":\"https:\\\/\\\/justcoffee.sk\\\/#website\",\"url\":\"https:\\\/\\\/justcoffee.sk\\\/\",\"name\":\"JUST Coffee | \u2116 1 Pra\u017eiare\u0148 Medzibodro\u017eia\",\"description\":\"Lok\u00e1lna pra\u017eiare\u0148 v srdci Medzibodro\u017eia. Sp\u00e1jame trad\u00edciu s poctiv\u00fdm remeslom pre v\u00e1\u0161 dokonal\u00fd k\u00e1vov\u00fd z\u00e1\u017eitok.\",\"publisher\":{\"@id\":\"https:\\\/\\\/justcoffee.sk\\\/#organization\"},\"potentialAction\":[{\"@type\":\"SearchAction\",\"target\":{\"@type\":\"EntryPoint\",\"urlTemplate\":\"https:\\\/\\\/justcoffee.sk\\\/?s={search_term_string}\"},\"query-input\":{\"@type\":\"PropertyValueSpecification\",\"valueRequired\":true,\"valueName\":\"search_term_string\"}}],\"inLanguage\":\"hu\"},{\"@type\":\"Organization\",\"@id\":\"https:\\\/\\\/justcoffee.sk\\\/#organization\",\"name\":\"JUST Coffee | \u2116 1 Pra\u017eiare\u0148 Medzibodro\u017eia\",\"url\":\"https:\\\/\\\/justcoffee.sk\\\/\",\"logo\":{\"@type\":\"ImageObject\",\"inLanguage\":\"hu\",\"@id\":\"https:\\\/\\\/justcoffee.sk\\\/#\\\/schema\\\/logo\\\/image\\\/\",\"url\":\"http:\\\/\\\/justcoffee.sk\\\/wp-content\\\/uploads\\\/2026\\\/05\\\/cropped-logo_text.png\",\"contentUrl\":\"http:\\\/\\\/justcoffee.sk\\\/wp-content\\\/uploads\\\/2026\\\/05\\\/cropped-logo_text.png\",\"width\":547,\"height\":841,\"caption\":\"JUST Coffee | \u2116 1 Pra\u017eiare\u0148 Medzibodro\u017eia\"},\"image\":{\"@id\":\"https:\\\/\\\/justcoffee.sk\\\/#\\\/schema\\\/logo\\\/image\\\/\"}}]}<\/script>\n<!-- \/ Yoast SEO Premium plugin. -->","yoast_head_json":{"title":"Kos\u00e1r - JUST Coffee | \u2116 1 Pra\u017eiare\u0148 Medzibodro\u017eia","robots":{"index":"index","follow":"follow","max-snippet":"max-snippet:-1","max-image-preview":"max-image-preview:large","max-video-preview":"max-video-preview:-1"},"canonical":"https:\/\/justcoffee.sk\/hu\/kosar\/","og_locale":"hu_HU","og_type":"article","og_title":"Kos\u00e1r","og_url":"https:\/\/justcoffee.sk\/hu\/kosar\/","og_site_name":"JUST Coffee | \u2116 1 Pra\u017eiare\u0148 Medzibodro\u017eia","twitter_card":"summary_large_image","schema":{"@context":"https:\/\/schema.org","@graph":[{"@type":"WebPage","@id":"https:\/\/justcoffee.sk\/kosar\/","url":"https:\/\/justcoffee.sk\/kosar\/","name":"Kos\u00e1r - JUST Coffee | \u2116 1 Pra\u017eiare\u0148 Medzibodro\u017eia","isPartOf":{"@id":"https:\/\/justcoffee.sk\/#website"},"datePublished":"2026-05-11T19:08:54+00:00","breadcrumb":{"@id":"https:\/\/justcoffee.sk\/kosar\/#breadcrumb"},"inLanguage":"hu","potentialAction":[{"@type":"ReadAction","target":["https:\/\/justcoffee.sk\/kosar\/"]}]},{"@type":"BreadcrumbList","@id":"https:\/\/justcoffee.sk\/kosar\/#breadcrumb","itemListElement":[{"@type":"ListItem","position":1,"name":"Domovsk\u00e1 str\u00e1nka","item":"https:\/\/justcoffee.sk\/"},{"@type":"ListItem","position":2,"name":"Kos\u00e1r"}]},{"@type":"WebSite","@id":"https:\/\/justcoffee.sk\/#website","url":"https:\/\/justcoffee.sk\/","name":"JUST Coffee | \u2116 1 Pra\u017eiare\u0148 Medzibodro\u017eia","description":"Lok\u00e1lna pra\u017eiare\u0148 v srdci Medzibodro\u017eia. Sp\u00e1jame trad\u00edciu s poctiv\u00fdm remeslom pre v\u00e1\u0161 dokonal\u00fd k\u00e1vov\u00fd z\u00e1\u017eitok.","publisher":{"@id":"https:\/\/justcoffee.sk\/#organization"},"potentialAction":[{"@type":"SearchAction","target":{"@type":"EntryPoint","urlTemplate":"https:\/\/justcoffee.sk\/?s={search_term_string}"},"query-input":{"@type":"PropertyValueSpecification","valueRequired":true,"valueName":"search_term_string"}}],"inLanguage":"hu"},{"@type":"Organization","@id":"https:\/\/justcoffee.sk\/#organization","name":"JUST Coffee | \u2116 1 Pra\u017eiare\u0148 Medzibodro\u017eia","url":"https:\/\/justcoffee.sk\/","logo":{"@type":"ImageObject","inLanguage":"hu","@id":"https:\/\/justcoffee.sk\/#\/schema\/logo\/image\/","url":"http:\/\/justcoffee.sk\/wp-content\/uploads\/2026\/05\/cropped-logo_text.png","contentUrl":"http:\/\/justcoffee.sk\/wp-content\/uploads\/2026\/05\/cropped-logo_text.png","width":547,"height":841,"caption":"JUST Coffee | \u2116 1 Pra\u017eiare\u0148 Medzibodro\u017eia"},"image":{"@id":"https:\/\/justcoffee.sk\/#\/schema\/logo\/image\/"}}]}},"_links":{"self":[{"href":"http:\/\/justcoffee.sk\/hu\/wp-json\/wp\/v2\/pages\/10","targetHints":{"allow":["GET"]}}],"collection":[{"href":"http:\/\/justcoffee.sk\/hu\/wp-json\/wp\/v2\/pages"}],"about":[{"href":"http:\/\/justcoffee.sk\/hu\/wp-json\/wp\/v2\/types\/page"}],"author":[{"embeddable":true,"href":"http:\/\/justcoffee.sk\/hu\/wp-json\/wp\/v2\/users\/1"}],"replies":[{"embeddable":true,"href":"http:\/\/justcoffee.sk\/hu\/wp-json\/wp\/v2\/comments?post=10"}],"version-history":[{"count":0,"href":"http:\/\/justcoffee.sk\/hu\/wp-json\/wp\/v2\/pages\/10\/revisions"}],"wp:attachment":[{"href":"http:\/\/justcoffee.sk\/hu\/wp-json\/wp\/v2\/media?parent=10"}],"curies":[{"name":"wp","href":"https:\/\/api.w.org\/{rel}","templated":true}]}}