{"id":2,"date":"2026-05-11T14:39:33","date_gmt":"2026-05-11T14:39:33","guid":{"rendered":"http:\/\/justcoffee.sk\/?page_id=2"},"modified":"2026-05-11T14:39:33","modified_gmt":"2026-05-11T14:39:33","slug":"sample-page","status":"publish","type":"page","link":"http:\/\/justcoffee.sk\/hu\/sample-page\/","title":{"rendered":"Sample Page"},"content":{"rendered":"<p>This is an example page. It&#8217;s different from a blog post because it will stay in one place and will show up in your site navigation (in most themes). Most people start with an About page that introduces them to potential site visitors. It might say something like this:<\/p>\n\n\n\n<blockquote class=\"wp-block-quote is-layout-flow wp-block-quote-is-layout-flow\">\n\n<p>Hi there! I&#8217;m a bike messenger by day, aspiring actor by night, and this is my website. I live in Los Angeles, have a great dog named Jack, and I like pi&#241;a coladas. (And gettin&#8216; caught in the rain.)<\/p>\n\n<\/blockquote>\n\n\n\n<p>&#8230;or something like this:<\/p>\n\n\n\n<blockquote class=\"wp-block-quote is-layout-flow wp-block-quote-is-layout-flow\">\n\n<p>The XYZ Doohickey Company was founded in 1971, and has been providing quality doohickeys to the public ever since. Located in Gotham City, XYZ employs over 2,000 people and does all kinds of awesome things for the Gotham community.<\/p>\n\n<\/blockquote>\n\n\n\n<p>As a new WordPress user, you should go to <a href=\"http:\/\/justcoffee.sk\/wp-admin\/\">your dashboard<\/a> to delete this page and create new pages for your content. Have fun!<\/p>","protected":false},"excerpt":{"rendered":"<p>This is an example page. It&#8217;s different from a blog post because it will stay in one place and will show up in your site navigation (in most themes). Most people start with an About page that introduces them to potential site visitors. It might say something like this: Hi there! I&#8217;m a bike messenger [&hellip;]<\/p>\n","protected":false},"author":1,"featured_media":0,"parent":0,"menu_order":0,"comment_status":"closed","ping_status":"open","template":"","meta":{"inline_featured_image":false,"site-sidebar-layout":"default","site-content-layout":"","ast-site-content-layout":"default","site-content-style":"default","site-sidebar-style":"default","ast-global-header-display":"","ast-banner-title-visibility":"","ast-main-header-display":"","ast-hfb-above-header-display":"","ast-hfb-below-header-display":"","ast-hfb-mobile-header-display":"","site-post-title":"","ast-breadcrumbs-content":"","ast-featured-img":"","footer-sml-layout":"","ast-disable-related-posts":"","theme-transparent-header-meta":"","adv-header-id-meta":"","stick-header-meta":"","header-above-stick-meta":"","header-main-stick-meta":"","header-below-stick-meta":"","astra-migrate-meta-layouts":"default","ast-page-background-enabled":"default","ast-page-background-meta":{"desktop":{"background-color":"var(--ast-global-color-4)","background-image":"","background-repeat":"repeat","background-position":"center center","background-size":"auto","background-attachment":"scroll","background-type":"","background-media":"","overlay-type":"","overlay-color":"","overlay-opacity":"","overlay-gradient":""},"tablet":{"background-color":"","background-image":"","background-repeat":"repeat","background-position":"center center","background-size":"auto","background-attachment":"scroll","background-type":"","background-media":"","overlay-type":"","overlay-color":"","overlay-opacity":"","overlay-gradient":""},"mobile":{"background-color":"","background-image":"","background-repeat":"repeat","background-position":"center center","background-size":"auto","background-attachment":"scroll","background-type":"","background-media":"","overlay-type":"","overlay-color":"","overlay-opacity":"","overlay-gradient":""}},"ast-content-background-meta":{"desktop":{"background-color":"var(--ast-global-color-5)","background-image":"","background-repeat":"repeat","background-position":"center center","background-size":"auto","background-attachment":"scroll","background-type":"","background-media":"","overlay-type":"","overlay-color":"","overlay-opacity":"","overlay-gradient":""},"tablet":{"background-color":"var(--ast-global-color-5)","background-image":"","background-repeat":"repeat","background-position":"center center","background-size":"auto","background-attachment":"scroll","background-type":"","background-media":"","overlay-type":"","overlay-color":"","overlay-opacity":"","overlay-gradient":""},"mobile":{"background-color":"var(--ast-global-color-5)","background-image":"","background-repeat":"repeat","background-position":"center center","background-size":"auto","background-attachment":"scroll","background-type":"","background-media":"","overlay-type":"","overlay-color":"","overlay-opacity":"","overlay-gradient":""}},"footnotes":""},"class_list":["post-2","page","type-page","status-publish","hentry"],"yoast_head":"<!-- This site is optimized with the Yoast SEO Premium plugin v27.6 (Yoast SEO v27.6) - https:\/\/yoast.com\/product\/yoast-seo-premium-wordpress\/ -->\n<title>Sample Page - JUST Coffee | \u2116 1 Pra\u017eiare\u0148 Medzibodro\u017eia<\/title>\n<meta name=\"robots\" content=\"index, follow, max-snippet:-1, max-image-preview:large, max-video-preview:-1\" \/>\n<link rel=\"canonical\" href=\"https:\/\/justcoffee.sk\/hu\/sample-page\/\" \/>\n<meta property=\"og:locale\" content=\"hu_HU\" \/>\n<meta property=\"og:type\" content=\"article\" \/>\n<meta property=\"og:title\" content=\"Sample Page\" \/>\n<meta property=\"og:description\" content=\"This is an example page. It&#8217;s different from a blog post because it will stay in one place and will show up in your site navigation (in most themes). Most people start with an About page that introduces them to potential site visitors. It might say something like this: Hi there! I&#8217;m a bike messenger [&hellip;]\" \/>\n<meta property=\"og:url\" content=\"https:\/\/justcoffee.sk\/hu\/sample-page\/\" \/>\n<meta property=\"og:site_name\" content=\"JUST Coffee | \u2116 1 Pra\u017eiare\u0148 Medzibodro\u017eia\" \/>\n<meta name=\"twitter:card\" content=\"summary_large_image\" \/>\n<meta name=\"twitter:label1\" content=\"Becs\u00fclt olvas\u00e1si id\u0151\" \/>\n\t<meta name=\"twitter:data1\" content=\"1 perc\" \/>\n<script type=\"application\/ld+json\" class=\"yoast-schema-graph\">{\"@context\":\"https:\\\/\\\/schema.org\",\"@graph\":[{\"@type\":\"WebPage\",\"@id\":\"https:\\\/\\\/justcoffee.sk\\\/sample-page\\\/\",\"url\":\"https:\\\/\\\/justcoffee.sk\\\/sample-page\\\/\",\"name\":\"Sample Page - JUST Coffee | \u2116 1 Pra\u017eiare\u0148 Medzibodro\u017eia\",\"isPartOf\":{\"@id\":\"https:\\\/\\\/justcoffee.sk\\\/#website\"},\"datePublished\":\"2026-05-11T14:39:33+00:00\",\"breadcrumb\":{\"@id\":\"https:\\\/\\\/justcoffee.sk\\\/sample-page\\\/#breadcrumb\"},\"inLanguage\":\"hu\",\"potentialAction\":[{\"@type\":\"ReadAction\",\"target\":[\"https:\\\/\\\/justcoffee.sk\\\/sample-page\\\/\"]}]},{\"@type\":\"BreadcrumbList\",\"@id\":\"https:\\\/\\\/justcoffee.sk\\\/sample-page\\\/#breadcrumb\",\"itemListElement\":[{\"@type\":\"ListItem\",\"position\":1,\"name\":\"Domovsk\u00e1 str\u00e1nka\",\"item\":\"https:\\\/\\\/justcoffee.sk\\\/\"},{\"@type\":\"ListItem\",\"position\":2,\"name\":\"Sample Page\"}]},{\"@type\":\"WebSite\",\"@id\":\"https:\\\/\\\/justcoffee.sk\\\/#website\",\"url\":\"https:\\\/\\\/justcoffee.sk\\\/\",\"name\":\"JUST Coffee | \u2116 1 Pra\u017eiare\u0148 Medzibodro\u017eia\",\"description\":\"Lok\u00e1lna pra\u017eiare\u0148 v srdci Medzibodro\u017eia. Sp\u00e1jame trad\u00edciu s poctiv\u00fdm remeslom pre v\u00e1\u0161 dokonal\u00fd k\u00e1vov\u00fd z\u00e1\u017eitok.\",\"publisher\":{\"@id\":\"https:\\\/\\\/justcoffee.sk\\\/#organization\"},\"potentialAction\":[{\"@type\":\"SearchAction\",\"target\":{\"@type\":\"EntryPoint\",\"urlTemplate\":\"https:\\\/\\\/justcoffee.sk\\\/?s={search_term_string}\"},\"query-input\":{\"@type\":\"PropertyValueSpecification\",\"valueRequired\":true,\"valueName\":\"search_term_string\"}}],\"inLanguage\":\"hu\"},{\"@type\":\"Organization\",\"@id\":\"https:\\\/\\\/justcoffee.sk\\\/#organization\",\"name\":\"JUST Coffee | \u2116 1 Pra\u017eiare\u0148 Medzibodro\u017eia\",\"url\":\"https:\\\/\\\/justcoffee.sk\\\/\",\"logo\":{\"@type\":\"ImageObject\",\"inLanguage\":\"hu\",\"@id\":\"https:\\\/\\\/justcoffee.sk\\\/#\\\/schema\\\/logo\\\/image\\\/\",\"url\":\"http:\\\/\\\/justcoffee.sk\\\/wp-content\\\/uploads\\\/2026\\\/05\\\/cropped-logo_text.png\",\"contentUrl\":\"http:\\\/\\\/justcoffee.sk\\\/wp-content\\\/uploads\\\/2026\\\/05\\\/cropped-logo_text.png\",\"width\":547,\"height\":841,\"caption\":\"JUST Coffee | \u2116 1 Pra\u017eiare\u0148 Medzibodro\u017eia\"},\"image\":{\"@id\":\"https:\\\/\\\/justcoffee.sk\\\/#\\\/schema\\\/logo\\\/image\\\/\"}}]}<\/script>\n<!-- \/ Yoast SEO Premium plugin. -->","yoast_head_json":{"title":"Sample Page - JUST Coffee | \u2116 1 Pra\u017eiare\u0148 Medzibodro\u017eia","robots":{"index":"index","follow":"follow","max-snippet":"max-snippet:-1","max-image-preview":"max-image-preview:large","max-video-preview":"max-video-preview:-1"},"canonical":"https:\/\/justcoffee.sk\/hu\/sample-page\/","og_locale":"hu_HU","og_type":"article","og_title":"Sample Page","og_description":"This is an example page. It&#8217;s different from a blog post because it will stay in one place and will show up in your site navigation (in most themes). Most people start with an About page that introduces them to potential site visitors. It might say something like this: Hi there! I&#8217;m a bike messenger [&hellip;]","og_url":"https:\/\/justcoffee.sk\/hu\/sample-page\/","og_site_name":"JUST Coffee | \u2116 1 Pra\u017eiare\u0148 Medzibodro\u017eia","twitter_card":"summary_large_image","twitter_misc":{"Becs\u00fclt olvas\u00e1si id\u0151":"1 perc"},"schema":{"@context":"https:\/\/schema.org","@graph":[{"@type":"WebPage","@id":"https:\/\/justcoffee.sk\/sample-page\/","url":"https:\/\/justcoffee.sk\/sample-page\/","name":"Sample Page - JUST Coffee | \u2116 1 Pra\u017eiare\u0148 Medzibodro\u017eia","isPartOf":{"@id":"https:\/\/justcoffee.sk\/#website"},"datePublished":"2026-05-11T14:39:33+00:00","breadcrumb":{"@id":"https:\/\/justcoffee.sk\/sample-page\/#breadcrumb"},"inLanguage":"hu","potentialAction":[{"@type":"ReadAction","target":["https:\/\/justcoffee.sk\/sample-page\/"]}]},{"@type":"BreadcrumbList","@id":"https:\/\/justcoffee.sk\/sample-page\/#breadcrumb","itemListElement":[{"@type":"ListItem","position":1,"name":"Domovsk\u00e1 str\u00e1nka","item":"https:\/\/justcoffee.sk\/"},{"@type":"ListItem","position":2,"name":"Sample Page"}]},{"@type":"WebSite","@id":"https:\/\/justcoffee.sk\/#website","url":"https:\/\/justcoffee.sk\/","name":"JUST Coffee | \u2116 1 Pra\u017eiare\u0148 Medzibodro\u017eia","description":"Lok\u00e1lna pra\u017eiare\u0148 v srdci Medzibodro\u017eia. Sp\u00e1jame trad\u00edciu s poctiv\u00fdm remeslom pre v\u00e1\u0161 dokonal\u00fd k\u00e1vov\u00fd z\u00e1\u017eitok.","publisher":{"@id":"https:\/\/justcoffee.sk\/#organization"},"potentialAction":[{"@type":"SearchAction","target":{"@type":"EntryPoint","urlTemplate":"https:\/\/justcoffee.sk\/?s={search_term_string}"},"query-input":{"@type":"PropertyValueSpecification","valueRequired":true,"valueName":"search_term_string"}}],"inLanguage":"hu"},{"@type":"Organization","@id":"https:\/\/justcoffee.sk\/#organization","name":"JUST Coffee | \u2116 1 Pra\u017eiare\u0148 Medzibodro\u017eia","url":"https:\/\/justcoffee.sk\/","logo":{"@type":"ImageObject","inLanguage":"hu","@id":"https:\/\/justcoffee.sk\/#\/schema\/logo\/image\/","url":"http:\/\/justcoffee.sk\/wp-content\/uploads\/2026\/05\/cropped-logo_text.png","contentUrl":"http:\/\/justcoffee.sk\/wp-content\/uploads\/2026\/05\/cropped-logo_text.png","width":547,"height":841,"caption":"JUST Coffee | \u2116 1 Pra\u017eiare\u0148 Medzibodro\u017eia"},"image":{"@id":"https:\/\/justcoffee.sk\/#\/schema\/logo\/image\/"}}]}},"_links":{"self":[{"href":"http:\/\/justcoffee.sk\/hu\/wp-json\/wp\/v2\/pages\/2","targetHints":{"allow":["GET"]}}],"collection":[{"href":"http:\/\/justcoffee.sk\/hu\/wp-json\/wp\/v2\/pages"}],"about":[{"href":"http:\/\/justcoffee.sk\/hu\/wp-json\/wp\/v2\/types\/page"}],"author":[{"embeddable":true,"href":"http:\/\/justcoffee.sk\/hu\/wp-json\/wp\/v2\/users\/1"}],"replies":[{"embeddable":true,"href":"http:\/\/justcoffee.sk\/hu\/wp-json\/wp\/v2\/comments?post=2"}],"version-history":[{"count":0,"href":"http:\/\/justcoffee.sk\/hu\/wp-json\/wp\/v2\/pages\/2\/revisions"}],"wp:attachment":[{"href":"http:\/\/justcoffee.sk\/hu\/wp-json\/wp\/v2\/media?parent=2"}],"curies":[{"name":"wp","href":"https:\/\/api.w.org\/{rel}","templated":true}]}}